{"id":1275,"date":"2018-12-27T18:21:26","date_gmt":"2018-12-27T17:21:26","guid":{"rendered":"http:\/\/lacreu.net\/blog\/?page_id=1275"},"modified":"2020-02-12T20:34:44","modified_gmt":"2020-02-12T19:34:44","slug":"expos-2","status":"publish","type":"page","link":"https:\/\/lacreu.net\/blog\/?page_id=1275","title":{"rendered":"Exposiciones"},"content":{"rendered":"<h2>Exposicions<\/h2>\n<p>1980 \u2013 INDIVIDUAL \u2013 Sala d\u2019Exposicions G.A.V. de Valencia.<br \/>\n1982 \u2013 INDIVIDUAL \u2013 Galer\u00eda Artis, Valencia.<br \/>\n1982 \u2013 COLECTIVA \u2013 Circulo de Bellas Artes, Valencia.<br \/>\n1983 \u2013 INDIVIDUAL \u2013 Museu Municipal de Vinaros, (Castell\u00f3).<br \/>\n1984 \u2013 COLECTIVA \u2013 Galeries 2000, Artistes valencians, Valencia.<br \/>\n1984 \u2013 COLECTIVA \u2013 Exposici\u00f3 Ajuntament Massanassa.<br \/>\n1985 \u2013 COLECTIVA \u2013 \u201cLo Rat Penat\u201d Any Internacional Juventut, Valencia.<br \/>\n1986 \u2013 COLECTIVA \u2013 Sala Exposicions Ajuntament Massanassa.<br \/>\n1988 \u2013 INDIVIDUAL \u2013 Sala \u201cEl Pilo\u201d, Burjassot.<br \/>\n1990 \u2013 COLECTIVA \u2013 \u201cColectiu D\u2019Art\u201d, Casa Cultura Burjassot.<br \/>\n1991 \u2013 COLECTIVA \u2013 Grup \u201cNovembre\u201d Casa Cultura Port de Sagunt.<br \/>\n1992 \u2013 INDIVIDUAL \u2013 \u201cPropostes 92\u201d Museu de la Ciutat. Valencia.<br \/>\n1993 \u2013 INDIVIDUAL \u2013 Palau de Vivanco, Ajuntament de Catarroja.<br \/>\n1993 \u2013 COLECTIVA \u2013 Artistes locals Massanassa.<br \/>\n1994 \u2013 COLECTIVA \u2013 \u201cTokio+Valencia\u201d Museu de la Ciutat, Valencia.<br \/>\n1994 \u2013 COLECTIVA \u2013 \u201cValencia+Tokio\u201d Sumida Riverside Hall. Toquio (Jap\u00f3n)<br \/>\n1994 \u2013 COLECTIVA \u2013 Uematsu Galery. Toquio (Jap\u00f3n)<br \/>\n1994 \u2013 COLECTIVA \u2013 Galery Key. Toquio (Jap\u00f3n)<br \/>\n1994 \u2013 COLECTIVA \u2013 \u201cNous fons municipals\u201d. Reals Drassanes, Valencia.<br \/>\n1995 \u2013 INDIVIDUAL \u2013 Hanax. Fundaci\u00f3n Portal de la Moreria. Valencia.<br \/>\n1995 \u2013 INDIVIDUAL \u2013 \u201cQuinze anys d\u2019aventura pl\u00e1stica\u201d Ajuntament Montroy.<br \/>\n1996 \u2013 INDIVIDUAL \u2013 Ayuntamiento de Alpuente.<br \/>\n1996 \u2013 COLECTIVA \u2013 Artistes locals. Casa Cultura. Massanassa.<br \/>\n1997 \u2013 COLECTIVA \u2013 Casa Museu Benlliure. Valencia.<br \/>\n1997 \u2013 COLECTIVA \u2013 Grup \u201cEncontre\u201d. Palau de la M\u00fasica. Valencia.<br \/>\n1999 \u2013 COLECTIVA- Amaury Gallery, Castell\u00f3n.<br \/>\n1999 \u2013 COLECTIVA- Sala Gabriel Cuallad\u00f3. Massanassa.<br \/>\n2000 \u2013 COLECTIVA- Telemarat\u00f3n. A.F.E. Alzeimer. Teatro, Castell\u00f3n.<br \/>\n2000 \u2013 INDIVIDUAL- Disseny, Mural Esglesia S. Antoni, Massanassa.<br \/>\n2001 \u2013 INDIVIDUAL- Casa de cultura de Biar (Alacant)<br \/>\n2002 \u2013 COLECTIVA- 2+2 Andalucia-Comunitat Valenciana.<br \/>\n\u2013 Biblioteca de Pozoblanco (C\u00f3rdoba).<br \/>\n\u2013 Sala Gabriel Cuallad\u00f3. Massanassa (Valencia).<br \/>\n2004 \u2013 CONJUNTA- Casa de la Comunitat Valenciana \u2013 Zaragoza.<br \/>\n2005 \u2013 COLECTIVA- Grup \u201cEncontre\u201d. Centro C\u00edvico Sur, Ayto Valladolid.<br \/>\n2006 \u2013 INDIVIDUAL- Sala de Exposiciones Ayuntamiento de Benaguasil.<br \/>\n2006 \u2013 CONJUNTA- Biblioteca de la Rioja. Ateneo Riojano \u2013 Gobierno de la Rioja<br \/>\n2006 \u2013 COLECTIVA- Grup \u201cEncontre\u201d. Sala Museo S. Juan de Dios, Orihuela.<br \/>\n2007 \u2013 CONJUNTA- Fundaci\u00f3n C. Valenciana-Regi\u00f3n Europea. Bruselas. B\u00e9lgica.<br \/>\n2007 \u2013 COLECTIVA- Galerie Rubens de Maria Manfredonia. Bruselas. B\u00e9lgica.<br \/>\n2007 \u2013 COLECTIVA- Grup \u201cEncontre\u201d.Sala Municipal Exposiciones de Barakaldo (Vizcaya)<br \/>\n2008 \u2013 CONJUNTA \u2013 \u201c\u00c0 la Carte\u201d (Restaurant Comision Europea) Bruselas. B\u00e9lgica.<br \/>\n2008 \u2013 COLECTIVA- Grup \u201cEncontre\u201d. Sala Exposiciones Escuela M\u00fasica .Sestao (Vizcaya)<br \/>\n2009 \u2013 COLECTIVA \u2013 Galeria 4. Valencia<br \/>\n2009 \u2013 COLECTIVA- Grup \u201cEncontre\u201d. Casa del Reloj. Madrid<br \/>\n2009 \u2013 INDIVIDUAL- Sala de Exposiciones del Ateneo Mercantil de Valencia.<br \/>\n2010 \u2013 INDIVIDUAL- Centro Cultural de la Ciudad de Lorca. (Murcia)<br \/>\n2011 \u2013 INDIVIDUAL- Sala dels Vilaragut del Castell d\u2019Alaquas. (Valencia)<br \/>\n2012 \u2013 INDIVIDUAL- Sala Exposiciones del Molino de la Villa. Ademuz (Valencia)<br \/>\n2013 \u2013 INDIVIDUAL \u2013 LaSalita espacio creativo. Valencia.<br \/>\n2013 \u2013 COLECTIVA \u2013 Complejo La Petxina. Ganadores concurso pintura \u201cValencia Cuna\u201d.<br \/>\n2014 \u2013 COLECTIVA \u2013 Galer\u00eda \u201cArte en tu cara\u201d Valencia.<br \/>\n2015 \u2013 CONJUNTA \u2013 \u201cEspais personals\u201d Wayco. Valencia.<br \/>\n2015 \u2013 INDIVIDUAL \u2013 \u201cBlaus\u201d C.C.Drassanes. Barcelona.<br \/>\n2018 \u2013 INDIVIDUAL \u2013 \u201cCatorce mil dies i pico de dibuixos i pintures\u201d Sala Gabriel Cuallado Massanassa.<br \/>\n2018 \u2013 CONJUNTA \u2013 \u201cJard\u00edn Urbano\u201d RUSSAFART. Valencia.<br \/>\n2019 \u2013 INDIVIDUAL \u2013 Pinturas \u2013 Feria Manzana Esperiega. Ademuz. (Valencia)<\/p>\n","protected":false},"excerpt":{"rendered":"<p>Exposicions 1980 \u2013 INDIVIDUAL \u2013 Sala d\u2019Exposicions G.A.V. de Valencia. 1982 \u2013 INDIVIDUAL \u2013 Galer\u00eda Artis, Valencia. 1982 \u2013 COLECTIVA \u2013 Circulo de Bellas Artes, Valencia. 1983 \u2013 INDIVIDUAL \u2013 <a class=\"more-link\" href=\"https:\/\/lacreu.net\/blog\/?page_id=1275\">Continue Reading &rarr;<\/a><\/p>\n","protected":false},"author":1,"featured_media":0,"parent":0,"menu_order":0,"comment_status":"closed","ping_status":"closed","template":"","meta":[],"_links":{"self":[{"href":"https:\/\/lacreu.net\/blog\/index.php?rest_route=\/wp\/v2\/pages\/1275"}],"collection":[{"href":"https:\/\/lacreu.net\/blog\/index.php?rest_route=\/wp\/v2\/pages"}],"about":[{"href":"https:\/\/lacreu.net\/blog\/index.php?rest_route=\/wp\/v2\/types\/page"}],"author":[{"embeddable":true,"href":"https:\/\/lacreu.net\/blog\/index.php?rest_route=\/wp\/v2\/users\/1"}],"replies":[{"embeddable":true,"href":"https:\/\/lacreu.net\/blog\/index.php?rest_route=%2Fwp%2Fv2%2Fcomments&post=1275"}],"version-history":[{"count":5,"href":"https:\/\/lacreu.net\/blog\/index.php?rest_route=\/wp\/v2\/pages\/1275\/revisions"}],"predecessor-version":[{"id":1608,"href":"https:\/\/lacreu.net\/blog\/index.php?rest_route=\/wp\/v2\/pages\/1275\/revisions\/1608"}],"wp:attachment":[{"href":"https:\/\/lacreu.net\/blog\/index.php?rest_route=%2Fwp%2Fv2%2Fmedia&parent=1275"}],"curies":[{"name":"wp","href":"https:\/\/api.w.org\/{rel}","templated":true}]}}