{"id":140,"date":"2013-11-15T21:38:37","date_gmt":"2013-11-15T21:38:37","guid":{"rendered":"http:\/\/lacreu.net\/blog\/?page_id=140"},"modified":"2020-02-13T16:44:11","modified_gmt":"2020-02-13T15:44:11","slug":"proyecte-e-inauguracio-proyecto-e-inauguracion","status":"publish","type":"page","link":"https:\/\/lacreu.net\/blog\/?page_id=140","title":{"rendered":"Proyecte e inauguraci\u00f3 &#8211; Proyecto e inauguraci\u00f3n"},"content":{"rendered":"<p><a href=\"http:\/\/lacreu.net\/blog\/wp-content\/uploads\/2013\/11\/Cuadro-mural.jpg\" target=\"_blank\" rel=\"noopener noreferrer\"><img loading=\"lazy\" class=\"alignnone wp-image-771 size-medium\" src=\"http:\/\/lacreu.net\/blog\/wp-content\/uploads\/2013\/11\/Cuadro-mural-294x300.jpg\" alt=\"Cuadro mural\" width=\"294\" height=\"300\" srcset=\"https:\/\/lacreu.net\/blog\/wp-content\/uploads\/2013\/11\/Cuadro-mural-294x300.jpg 294w, https:\/\/lacreu.net\/blog\/wp-content\/uploads\/2013\/11\/Cuadro-mural-60x60.jpg 60w, https:\/\/lacreu.net\/blog\/wp-content\/uploads\/2013\/11\/Cuadro-mural.jpg 827w\" sizes=\"(max-width: 294px) 100vw, 294px\" \/><\/a>El mural de la Iglesia de San Antonio de Massanassa fue promovido por los Clavarios del Cristo de la vida del a\u00f1o 2000 y patrocinado por el Ayuntamiento, empresas y particulares.<\/p>\n<p>El mural gigante dise\u00f1ado por el artista pl\u00e1stico y dise\u00f1ador, hijo de la localidad, Josep Lacreu, ocupa unos 600 m2 siendo uno de los mayores de Espa\u00f1a. La obra representa una alegor\u00eda a las artes y al ser humano y a las actividades que se celebran en el propio edificio, pues en su s\u00f3tano tiene la sede el Centro Instructivo Musical. En el edificio contiguo se encuentra el Edificio Socio-Cultural municipal, donde se desarrollan actividades como la m\u00fasica, el teatro, las artes pl\u00e1sticas, adem\u00e1s de estar la biblioteca y la sala de audiciones y proyecciones. Todos estos elementos son los que est\u00e1n reflejados en el dise\u00f1o del mural as\u00ed como l\u00f3gicamente la referencia religiosa referenciado con un c\u00e1liz y dos cruces gigantes, a la agricultura con un racimo de uva y espigas de cereales y la expresi\u00f3n pl\u00e1stica de la paz representados por tres palomas, que rodean el campanario.<\/p>\n<p>El domingo d\u00eda 18 de Junio de 2000 se inaugur\u00f3 el mural. Presidieron el solemne acto la reina de las fiestas Sabrina Burguet con su Corte de Honor, el alcalde Jos\u00e9 Vicente Espinosa, el concejal de cultura Salvador Garc\u00eda, representantes de la corporaci\u00f3n municipal y de distintos colectivos sociales y culturales del pueblo, los clavarios del Cristo encabezados por el presidente Salvador Ram\u00f3n y el portavoz Jos\u00e9 Paya. Ameniz\u00f3 el acto la banda del Centro Instructivo Musical de Massanassa. El cura p\u00e1rroco Juan Ruix bendijo el mural. El presentador y coordinador del acto fue el periodista Salvador Barber\u00e1, despu\u00e9s de diversos parlamentos entre los que destaco el del artista Josep Lacreu, el acto concluy\u00f3 con el descubrimiento de una placa conmemorativa, los compases de la banda y fuegos de artificio.<\/p>\n<p><a href=\"http:\/\/lacreu.net\/blog\/wp-content\/uploads\/2013\/11\/DibuixMural.jpg\" target=\"_blank\" rel=\"noopener noreferrer\"><img loading=\"lazy\" class=\"alignnone wp-image-809 size-medium\" src=\"http:\/\/lacreu.net\/blog\/wp-content\/uploads\/2013\/11\/DibuixMural-300x134.jpg\" alt=\"DibuixMural\" width=\"300\" height=\"134\" srcset=\"https:\/\/lacreu.net\/blog\/wp-content\/uploads\/2013\/11\/DibuixMural-300x134.jpg 300w, https:\/\/lacreu.net\/blog\/wp-content\/uploads\/2013\/11\/DibuixMural.jpg 945w\" sizes=\"(max-width: 300px) 100vw, 300px\" \/><\/a><\/p>\n<p><a href=\"http:\/\/lacreu.net\/blog\/wp-content\/uploads\/2013\/11\/Presentaci\u00f33.jpg\" target=\"_blank\" rel=\"noopener noreferrer\"><img loading=\"lazy\" class=\"alignnone wp-image-812 size-medium\" src=\"http:\/\/lacreu.net\/blog\/wp-content\/uploads\/2013\/11\/Presentaci\u00f33-300x161.jpg\" alt=\"Presentaci\u00f33\" width=\"300\" height=\"161\" srcset=\"https:\/\/lacreu.net\/blog\/wp-content\/uploads\/2013\/11\/Presentaci\u00f33-300x161.jpg 300w, https:\/\/lacreu.net\/blog\/wp-content\/uploads\/2013\/11\/Presentaci\u00f33-1024x548.jpg 1024w, https:\/\/lacreu.net\/blog\/wp-content\/uploads\/2013\/11\/Presentaci\u00f33.jpg 1578w\" sizes=\"(max-width: 300px) 100vw, 300px\" \/><\/a><\/p>\n<p><a href=\"http:\/\/lacreu.net\/blog\/wp-content\/uploads\/2013\/11\/Presentaci\u00f3.jpg\" target=\"_blank\" rel=\"noopener noreferrer\"><img loading=\"lazy\" class=\"alignnone wp-image-810 size-medium\" src=\"http:\/\/lacreu.net\/blog\/wp-content\/uploads\/2013\/11\/Presentaci\u00f3-300x162.jpg\" alt=\"Presentaci\u00f3\" width=\"300\" height=\"162\" srcset=\"https:\/\/lacreu.net\/blog\/wp-content\/uploads\/2013\/11\/Presentaci\u00f3-300x162.jpg 300w, https:\/\/lacreu.net\/blog\/wp-content\/uploads\/2013\/11\/Presentaci\u00f3.jpg 945w\" sizes=\"(max-width: 300px) 100vw, 300px\" \/><\/a><\/p>\n<p><a href=\"http:\/\/lacreu.net\/blog\/wp-content\/uploads\/2013\/11\/Presentaci\u00f32.jpg\" target=\"_blank\" rel=\"noopener noreferrer\"><img loading=\"lazy\" class=\"alignnone wp-image-811 size-medium\" src=\"http:\/\/lacreu.net\/blog\/wp-content\/uploads\/2013\/11\/Presentaci\u00f32-300x270.jpg\" alt=\"Presentaci\u00f32\" width=\"300\" height=\"270\" srcset=\"https:\/\/lacreu.net\/blog\/wp-content\/uploads\/2013\/11\/Presentaci\u00f32-300x270.jpg 300w, https:\/\/lacreu.net\/blog\/wp-content\/uploads\/2013\/11\/Presentaci\u00f32.jpg 945w\" sizes=\"(max-width: 300px) 100vw, 300px\" \/><\/a><\/p>\n<p><a href=\"http:\/\/lacreu.net\/blog\/wp-content\/uploads\/2013\/11\/Prensa1.jpg\" target=\"_blank\" rel=\"noopener noreferrer\"><img loading=\"lazy\" class=\"alignnone wp-image-814 size-medium\" src=\"http:\/\/lacreu.net\/blog\/wp-content\/uploads\/2013\/11\/Prensa1-172x300.jpg\" alt=\"Prensa1\" width=\"172\" height=\"300\" srcset=\"https:\/\/lacreu.net\/blog\/wp-content\/uploads\/2013\/11\/Prensa1-172x300.jpg 172w, https:\/\/lacreu.net\/blog\/wp-content\/uploads\/2013\/11\/Prensa1-587x1024.jpg 587w, https:\/\/lacreu.net\/blog\/wp-content\/uploads\/2013\/11\/Prensa1.jpg 677w\" sizes=\"(max-width: 172px) 100vw, 172px\" \/><\/a><\/p>\n<p><a href=\"http:\/\/lacreu.net\/blog\/wp-content\/uploads\/2013\/11\/Prensa2.jpg\" target=\"_blank\" rel=\"noopener noreferrer\"><img loading=\"lazy\" class=\"alignnone wp-image-815 size-medium\" src=\"http:\/\/lacreu.net\/blog\/wp-content\/uploads\/2013\/11\/Prensa2-165x300.jpg\" alt=\"Prensa2\" width=\"165\" height=\"300\" srcset=\"https:\/\/lacreu.net\/blog\/wp-content\/uploads\/2013\/11\/Prensa2-165x300.jpg 165w, https:\/\/lacreu.net\/blog\/wp-content\/uploads\/2013\/11\/Prensa2-564x1024.jpg 564w, https:\/\/lacreu.net\/blog\/wp-content\/uploads\/2013\/11\/Prensa2.jpg 650w\" sizes=\"(max-width: 165px) 100vw, 165px\" \/><\/a><\/p>\n<p>&nbsp;<\/p>\n<p>&nbsp;<\/p>\n<p>&nbsp;<\/p>\n<p>&nbsp;<\/p>\n<p>&nbsp;<\/p>\n<p>&nbsp;<\/p>\n<p>&nbsp;<\/p>\n<p>&nbsp;<\/p>\n<p>&nbsp;<\/p>\n<p>&nbsp;<\/p>\n<p>&nbsp;<\/p>\n<p>&nbsp;<\/p>\n<p>&nbsp;<\/p>\n<p>&nbsp;<\/p>\n<p>&nbsp;<\/p>\n<p>&nbsp;<\/p>\n<p>&nbsp;<\/p>\n<div><\/div>\n","protected":false},"excerpt":{"rendered":"<p>El mural de la Iglesia de San Antonio de Massanassa fue promovido por los Clavarios del Cristo de la vida del a\u00f1o 2000 y patrocinado por el Ayuntamiento, empresas y <a class=\"more-link\" href=\"https:\/\/lacreu.net\/blog\/?page_id=140\">Continue Reading &rarr;<\/a><\/p>\n","protected":false},"author":1,"featured_media":0,"parent":25,"menu_order":1,"comment_status":"closed","ping_status":"closed","template":"","meta":[],"_links":{"self":[{"href":"https:\/\/lacreu.net\/blog\/index.php?rest_route=\/wp\/v2\/pages\/140"}],"collection":[{"href":"https:\/\/lacreu.net\/blog\/index.php?rest_route=\/wp\/v2\/pages"}],"about":[{"href":"https:\/\/lacreu.net\/blog\/index.php?rest_route=\/wp\/v2\/types\/page"}],"author":[{"embeddable":true,"href":"https:\/\/lacreu.net\/blog\/index.php?rest_route=\/wp\/v2\/users\/1"}],"replies":[{"embeddable":true,"href":"https:\/\/lacreu.net\/blog\/index.php?rest_route=%2Fwp%2Fv2%2Fcomments&post=140"}],"version-history":[{"count":15,"href":"https:\/\/lacreu.net\/blog\/index.php?rest_route=\/wp\/v2\/pages\/140\/revisions"}],"predecessor-version":[{"id":1478,"href":"https:\/\/lacreu.net\/blog\/index.php?rest_route=\/wp\/v2\/pages\/140\/revisions\/1478"}],"up":[{"embeddable":true,"href":"https:\/\/lacreu.net\/blog\/index.php?rest_route=\/wp\/v2\/pages\/25"}],"wp:attachment":[{"href":"https:\/\/lacreu.net\/blog\/index.php?rest_route=%2Fwp%2Fv2%2Fmedia&parent=140"}],"curies":[{"name":"wp","href":"https:\/\/api.w.org\/{rel}","templated":true}]}}