{"id":1408,"date":"2020-01-22T19:18:05","date_gmt":"2020-01-22T18:18:05","guid":{"rendered":"http:\/\/lacreu.net\/blog\/?page_id=1408"},"modified":"2020-02-04T18:26:57","modified_gmt":"2020-02-04T17:26:57","slug":"videos","status":"publish","type":"page","link":"https:\/\/lacreu.net\/blog\/?page_id=1408","title":{"rendered":"V\u00eddeos"},"content":{"rendered":"\r\n<p><iframe src=\"https:\/\/www.youtube-nocookie.com\/embed\/N9afR4kCu-M\" width=\"640\" height=\"360\" frameborder=\"0\" allowfullscreen=\"allowfullscreen\"><\/iframe><\/p>\r\n\r\n\r\n\r\n<p class=\"has-text-align-center\">V\u00eddeo de Cintio Bravo. 2015<\/p>\r\n\r\n<p>&nbsp;<\/p>\r\n\r\n<p><iframe src=\"https:\/\/www.youtube-nocookie.com\/embed\/odnz8eGmuF0\" width=\"640\" height=\"360\" frameborder=\"0\" allowfullscreen=\"allowfullscreen\"><\/iframe><\/p>\r\n\r\n\r\n\r\n<p class=\"has-text-align-center\">V\u00eddeo Presentaci\u00f3n Exposici\u00f3n en la Feria Manzana Esperiega de Ademuz<\/p>\r\n\r\n\r\n\r\n<p><iframe src=\"https:\/\/www.youtube-nocookie.com\/embed\/SPMcpshLlJs\" width=\"640\" height=\"360\" frameborder=\"0\" allowfullscreen=\"allowfullscreen\"><\/iframe><\/p>\r\n\r\n\r\n\r\n<p class=\"has-text-align-center\">Expo Ademuz 2019<\/p>\r\n<p><iframe src=\"https:\/\/www.youtube-nocookie.com\/embed\/xvDIUNr9OjQ\" width=\"640\" height=\"360\" frameborder=\"0\" allowfullscreen=\"allowfullscreen\"><\/iframe><\/p>\r\n<p>Exposici\u00f3n Massanassa Pepe Lacreu 2018<\/p>\r\n<p>&nbsp;<\/p>\r\n<p><iframe src=\"https:\/\/www.youtube-nocookie.com\/embed\/O2XTP3O7y_k\" width=\"640\" height=\"360\" frameborder=\"0\" allowfullscreen=\"allowfullscreen\"><span class=\"mce_SELRES_start\" style=\"width: 0px; line-height: 0; overflow: hidden; display: inline-block;\" data-mce-type=\"bookmark\">\ufeff<\/span><\/iframe><\/p>\r\n<p>Exposici\u00f3n Alaqu\u00e0s 2011<\/p>\r\n<p>&nbsp;<\/p>\r\n<p>&nbsp;<\/p>\r\n\r\n\r\n\r\n<p>&nbsp;<\/p>\r\n\r\n\r\n\r\n\r\n\r\n<p>&nbsp;<\/p>\r\n","protected":false},"excerpt":{"rendered":"<p>V\u00eddeo de Cintio Bravo. 2015 &nbsp; V\u00eddeo Presentaci\u00f3n Exposici\u00f3n en la Feria Manzana Esperiega de Ademuz Expo Ademuz 2019 Exposici\u00f3n Massanassa Pepe Lacreu 2018 &nbsp; \ufeff Exposici\u00f3n Alaqu\u00e0s 2011 &nbsp; <a class=\"more-link\" href=\"https:\/\/lacreu.net\/blog\/?page_id=1408\">Continue Reading &rarr;<\/a><\/p>\n","protected":false},"author":1,"featured_media":0,"parent":0,"menu_order":0,"comment_status":"closed","ping_status":"closed","template":"","meta":[],"_links":{"self":[{"href":"https:\/\/lacreu.net\/blog\/index.php?rest_route=\/wp\/v2\/pages\/1408"}],"collection":[{"href":"https:\/\/lacreu.net\/blog\/index.php?rest_route=\/wp\/v2\/pages"}],"about":[{"href":"https:\/\/lacreu.net\/blog\/index.php?rest_route=\/wp\/v2\/types\/page"}],"author":[{"embeddable":true,"href":"https:\/\/lacreu.net\/blog\/index.php?rest_route=\/wp\/v2\/users\/1"}],"replies":[{"embeddable":true,"href":"https:\/\/lacreu.net\/blog\/index.php?rest_route=%2Fwp%2Fv2%2Fcomments&post=1408"}],"version-history":[{"count":11,"href":"https:\/\/lacreu.net\/blog\/index.php?rest_route=\/wp\/v2\/pages\/1408\/revisions"}],"predecessor-version":[{"id":1559,"href":"https:\/\/lacreu.net\/blog\/index.php?rest_route=\/wp\/v2\/pages\/1408\/revisions\/1559"}],"wp:attachment":[{"href":"https:\/\/lacreu.net\/blog\/index.php?rest_route=%2Fwp%2Fv2%2Fmedia&parent=1408"}],"curies":[{"name":"wp","href":"https:\/\/api.w.org\/{rel}","templated":true}]}}