{"id":1484,"date":"2020-01-24T18:12:34","date_gmt":"2020-01-24T17:12:34","guid":{"rendered":"http:\/\/lacreu.net\/blog\/?page_id=1484"},"modified":"2020-01-29T20:14:27","modified_gmt":"2020-01-29T19:14:27","slug":"fotos-desde-mi-camara","status":"publish","type":"page","link":"https:\/\/lacreu.net\/blog\/?page_id=1484","title":{"rendered":"Fotos desde mi c\u00e1mara"},"content":{"rendered":"<p>Como aficionado serio a la fotograf\u00eda, en este apartado solo quiero mostrar las fotos que me divierte disparar, sin alardes t\u00e9cnicos que no me interesan, buscando la imagen casual, la que produzca curiosidad o sugerencias, eso si, siendo en todo momento muy exigente con la composici\u00f3n y la verdad de la foto.<\/p>\n","protected":false},"excerpt":{"rendered":"<p>Como aficionado serio a la fotograf\u00eda, en este apartado solo quiero mostrar las fotos que me divierte disparar, sin alardes t\u00e9cnicos que no me interesan, buscando la imagen casual, la <a class=\"more-link\" href=\"https:\/\/lacreu.net\/blog\/?page_id=1484\">Continue Reading &rarr;<\/a><\/p>\n","protected":false},"author":1,"featured_media":0,"parent":41,"menu_order":2,"comment_status":"closed","ping_status":"closed","template":"","meta":[],"_links":{"self":[{"href":"https:\/\/lacreu.net\/blog\/index.php?rest_route=\/wp\/v2\/pages\/1484"}],"collection":[{"href":"https:\/\/lacreu.net\/blog\/index.php?rest_route=\/wp\/v2\/pages"}],"about":[{"href":"https:\/\/lacreu.net\/blog\/index.php?rest_route=\/wp\/v2\/types\/page"}],"author":[{"embeddable":true,"href":"https:\/\/lacreu.net\/blog\/index.php?rest_route=\/wp\/v2\/users\/1"}],"replies":[{"embeddable":true,"href":"https:\/\/lacreu.net\/blog\/index.php?rest_route=%2Fwp%2Fv2%2Fcomments&post=1484"}],"version-history":[{"count":4,"href":"https:\/\/lacreu.net\/blog\/index.php?rest_route=\/wp\/v2\/pages\/1484\/revisions"}],"predecessor-version":[{"id":1489,"href":"https:\/\/lacreu.net\/blog\/index.php?rest_route=\/wp\/v2\/pages\/1484\/revisions\/1489"}],"up":[{"embeddable":true,"href":"https:\/\/lacreu.net\/blog\/index.php?rest_route=\/wp\/v2\/pages\/41"}],"wp:attachment":[{"href":"https:\/\/lacreu.net\/blog\/index.php?rest_route=%2Fwp%2Fv2%2Fmedia&parent=1484"}],"curies":[{"name":"wp","href":"https:\/\/api.w.org\/{rel}","templated":true}]}}