{"id":1961,"date":"2020-03-13T17:03:04","date_gmt":"2020-03-13T16:03:04","guid":{"rendered":"https:\/\/lacreu.net\/blog\/?page_id=1961"},"modified":"2020-03-13T17:10:28","modified_gmt":"2020-03-13T16:10:28","slug":"de-tot-i-mes-de-todo-y-mas-2","status":"publish","type":"page","link":"https:\/\/lacreu.net\/blog\/?page_id=1961","title":{"rendered":"De tot i mes &#8211; De todo y m\u00e1s"},"content":{"rendered":"<p>[vc_row][vc_column width=\u00bb1\/2&#8243;][vc_single_image image=\u00bb1965&#8243; img_size=\u00bbmedium\u00bb][vc_column_text]\u201cLo Gat Morat\u201d Acr\u00edlic sobre llen\u00e7 Acr\u00edlico sobre lienzo 75 x 75cm.[\/vc_column_text][vc_single_image image=\u00bb1968&#8243; img_size=\u00bbmedium\u00bb][vc_column_text]\u201cPincels esperant\u201d \u201cPinceles esperando\u201d Acr\u00edlic sobre tela de sac Acr\u00edlico sobre arpillera 50 x 50 cm.[\/vc_column_text][\/vc_column][vc_column width=\u00bb1\/2&#8243;][vc_single_image image=\u00bb1967&#8243; img_size=\u00bbmedium\u00bb][vc_column_text]\u201cMecedora de la iaia\u201d Acr\u00edlic sobre fusta Acr\u00edlico sobre tabla 77 x 77 cm.[\/vc_column_text][\/vc_column][\/vc_row]<\/p>\n","protected":false},"excerpt":{"rendered":"<p>[vc_row][vc_column width=\u00bb1\/2&#8243;][vc_single_image image=\u00bb1965&#8243; img_size=\u00bbmedium\u00bb][vc_column_text]\u201cLo Gat Morat\u201d Acr\u00edlic sobre llen\u00e7 Acr\u00edlico sobre lienzo 75 x 75cm.[\/vc_column_text][vc_single_image image=\u00bb1968&#8243; img_size=\u00bbmedium\u00bb][vc_column_text]\u201cPincels esperant\u201d \u201cPinceles esperando\u201d Acr\u00edlic sobre tela de sac Acr\u00edlico sobre arpillera 50 x <a class=\"more-link\" href=\"https:\/\/lacreu.net\/blog\/?page_id=1961\">Continue Reading &rarr;<\/a><\/p>\n","protected":false},"author":1,"featured_media":0,"parent":0,"menu_order":0,"comment_status":"closed","ping_status":"closed","template":"","meta":[],"_links":{"self":[{"href":"https:\/\/lacreu.net\/blog\/index.php?rest_route=\/wp\/v2\/pages\/1961"}],"collection":[{"href":"https:\/\/lacreu.net\/blog\/index.php?rest_route=\/wp\/v2\/pages"}],"about":[{"href":"https:\/\/lacreu.net\/blog\/index.php?rest_route=\/wp\/v2\/types\/page"}],"author":[{"embeddable":true,"href":"https:\/\/lacreu.net\/blog\/index.php?rest_route=\/wp\/v2\/users\/1"}],"replies":[{"embeddable":true,"href":"https:\/\/lacreu.net\/blog\/index.php?rest_route=%2Fwp%2Fv2%2Fcomments&post=1961"}],"version-history":[{"count":3,"href":"https:\/\/lacreu.net\/blog\/index.php?rest_route=\/wp\/v2\/pages\/1961\/revisions"}],"predecessor-version":[{"id":1969,"href":"https:\/\/lacreu.net\/blog\/index.php?rest_route=\/wp\/v2\/pages\/1961\/revisions\/1969"}],"wp:attachment":[{"href":"https:\/\/lacreu.net\/blog\/index.php?rest_route=%2Fwp%2Fv2%2Fmedia&parent=1961"}],"curies":[{"name":"wp","href":"https:\/\/api.w.org\/{rel}","templated":true}]}}