{"id":217,"date":"2013-11-17T17:47:51","date_gmt":"2013-11-17T17:47:51","guid":{"rendered":"http:\/\/lacreu.net\/blog\/?page_id=217"},"modified":"2015-02-07T19:16:54","modified_gmt":"2015-02-07T18:16:54","slug":"coleccion-ajedrez-1","status":"publish","type":"page","link":"https:\/\/lacreu.net\/blog\/?page_id=217","title":{"rendered":"Colecci\u00f3n ajedrez 1"},"content":{"rendered":"<p>Colecci\u00f3 cuadres de 74 x 32 cm. Acr\u00edlic sobre fusta.<\/p>\n<p>Colecci\u00f3n cuadros de 74 x 32 cm. Acr\u00edlico sobre tabla.<\/p>\n<div id=\"post-body-1291934252466024592\">\n<div><a href=\"http:\/\/1.bp.blogspot.com\/-CGLqV0EQKfw\/ULjlLbOnKRI\/AAAAAAAACUU\/Sa4T_pCTqsQ\/s1600\/2002-74x32Alfil-W.jpg\"><img loading=\"lazy\" src=\"http:\/\/1.bp.blogspot.com\/-CGLqV0EQKfw\/ULjlLbOnKRI\/AAAAAAAACUU\/Sa4T_pCTqsQ\/s320\/2002-74x32Alfil-W.jpg\" alt=\"\" width=\"160\" height=\"320\" border=\"0\" \/><\/a>\u00a0<a href=\"http:\/\/1.bp.blogspot.com\/-a0P4VjOqPBE\/ULjlNyFwlJI\/AAAAAAAACUc\/RSXriQsM2Nc\/s1600\/2002-74x32Caball-W.jpg\"><img loading=\"lazy\" src=\"http:\/\/1.bp.blogspot.com\/-a0P4VjOqPBE\/ULjlNyFwlJI\/AAAAAAAACUc\/RSXriQsM2Nc\/s320\/2002-74x32Caball-W.jpg\" alt=\"\" width=\"160\" height=\"320\" border=\"0\" \/><\/a>\u00a0<a href=\"http:\/\/2.bp.blogspot.com\/-Zhmw7y4sON4\/ULjlQbHHO8I\/AAAAAAAACUk\/QDg-gg0zsVo\/s1600\/2002-74x32Peo-W.jpg\"><img loading=\"lazy\" src=\"http:\/\/2.bp.blogspot.com\/-Zhmw7y4sON4\/ULjlQbHHO8I\/AAAAAAAACUk\/QDg-gg0zsVo\/s320\/2002-74x32Peo-W.jpg\" alt=\"\" width=\"160\" height=\"320\" border=\"0\" \/><\/a><\/div>\n<div><a href=\"http:\/\/1.bp.blogspot.com\/-Qp9O154sAg0\/ULjlTi5blkI\/AAAAAAAACUs\/pl_1xAMyDB0\/s1600\/2002-74x32Reina-W.jpg\"><img loading=\"lazy\" src=\"http:\/\/1.bp.blogspot.com\/-Qp9O154sAg0\/ULjlTi5blkI\/AAAAAAAACUs\/pl_1xAMyDB0\/s320\/2002-74x32Reina-W.jpg\" alt=\"\" width=\"160\" height=\"320\" border=\"0\" \/><\/a>\u00a0<a href=\"http:\/\/4.bp.blogspot.com\/-00-8mKAOnSo\/ULjlWdOBaKI\/AAAAAAAACU0\/2IFEFYvMwgA\/s1600\/2002-74x32Rey-W.jpg\"><img loading=\"lazy\" src=\"http:\/\/4.bp.blogspot.com\/-00-8mKAOnSo\/ULjlWdOBaKI\/AAAAAAAACU0\/2IFEFYvMwgA\/s320\/2002-74x32Rey-W.jpg\" alt=\"\" width=\"160\" height=\"320\" border=\"0\" \/><\/a>\u00a0<a href=\"http:\/\/1.bp.blogspot.com\/-jO9-Y76kEXc\/ULjlZWXl10I\/AAAAAAAACU8\/5k4tjM1IRZ4\/s1600\/2002-74x32Torre-W.jpg\"><img loading=\"lazy\" src=\"http:\/\/1.bp.blogspot.com\/-jO9-Y76kEXc\/ULjlZWXl10I\/AAAAAAAACU8\/5k4tjM1IRZ4\/s320\/2002-74x32Torre-W.jpg\" alt=\"\" width=\"160\" height=\"320\" border=\"0\" \/><\/a><\/div>\n<p>&nbsp;<\/p>\n<\/div>\n","protected":false},"excerpt":{"rendered":"<p>Colecci\u00f3 cuadres de 74 x 32 cm. Acr\u00edlic sobre fusta. Colecci\u00f3n cuadros de 74 x 32 cm. Acr\u00edlico sobre tabla. \u00a0\u00a0 \u00a0\u00a0 &nbsp;<\/p>\n","protected":false},"author":1,"featured_media":0,"parent":0,"menu_order":0,"comment_status":"open","ping_status":"open","template":"","meta":[],"_links":{"self":[{"href":"https:\/\/lacreu.net\/blog\/index.php?rest_route=\/wp\/v2\/pages\/217"}],"collection":[{"href":"https:\/\/lacreu.net\/blog\/index.php?rest_route=\/wp\/v2\/pages"}],"about":[{"href":"https:\/\/lacreu.net\/blog\/index.php?rest_route=\/wp\/v2\/types\/page"}],"author":[{"embeddable":true,"href":"https:\/\/lacreu.net\/blog\/index.php?rest_route=\/wp\/v2\/users\/1"}],"replies":[{"embeddable":true,"href":"https:\/\/lacreu.net\/blog\/index.php?rest_route=%2Fwp%2Fv2%2Fcomments&post=217"}],"version-history":[{"count":4,"href":"https:\/\/lacreu.net\/blog\/index.php?rest_route=\/wp\/v2\/pages\/217\/revisions"}],"predecessor-version":[{"id":860,"href":"https:\/\/lacreu.net\/blog\/index.php?rest_route=\/wp\/v2\/pages\/217\/revisions\/860"}],"wp:attachment":[{"href":"https:\/\/lacreu.net\/blog\/index.php?rest_route=%2Fwp%2Fv2%2Fmedia&parent=217"}],"curies":[{"name":"wp","href":"https:\/\/api.w.org\/{rel}","templated":true}]}}