{"id":235,"date":"2013-11-17T18:16:34","date_gmt":"2013-11-17T18:16:34","guid":{"rendered":"http:\/\/lacreu.net\/blog\/?page_id=235"},"modified":"2019-01-07T18:16:46","modified_gmt":"2019-01-07T17:16:46","slug":"cuadres-scacs-cuadros-ajedrez","status":"publish","type":"page","link":"https:\/\/lacreu.net\/blog\/?page_id=235","title":{"rendered":"Cuadres scacs &#8211; Cuadros ajedrez"},"content":{"rendered":"<div><a href=\"http:\/\/4.bp.blogspot.com\/-FmR0Rq5Za3Q\/ULjynq_wKAI\/AAAAAAAACYU\/KnhH7vCOY2M\/s1600\/Peo+Roig-156x108.jpg\"><img loading=\"lazy\" src=\"http:\/\/4.bp.blogspot.com\/-FmR0Rq5Za3Q\/ULjynq_wKAI\/AAAAAAAACYU\/KnhH7vCOY2M\/s320\/Peo+Roig-156x108.jpg\" alt=\"\" width=\"225\" height=\"320\" border=\"0\" \/><\/a><\/div>\n<div>Pe\u00f3n rojo &#8211; Pe\u00f3 roig. 156&#215;108 cm.<\/div>\n<div>Acr\u00edlico sobre tabla.<\/div>\n<div><\/div>\n<div><\/div>\n<div><a href=\"http:\/\/1.bp.blogspot.com\/-Rmot_VGI9SI\/ULjx0siIOHI\/AAAAAAAACYA\/7obVg8Ez7MI\/s1600\/Peo+negre+50cm-W.jpg\"><img loading=\"lazy\" src=\"http:\/\/1.bp.blogspot.com\/-Rmot_VGI9SI\/ULjx0siIOHI\/AAAAAAAACYA\/7obVg8Ez7MI\/s320\/Peo+negre+50cm-W.jpg\" alt=\"\" width=\"320\" height=\"239\" border=\"0\" \/><\/a><\/div>\n<div>Pe\u00f3 negre &#8211; Pe\u00f3n negro. 50 cm. di\u00e1metro.<\/div>\n<div>Acr\u00edlico sobre lienzo.<\/div>\n<div><a href=\"http:\/\/3.bp.blogspot.com\/-alOOMqz9Smw\/ULjxjkRSveI\/AAAAAAAACX4\/o1zGGGK4RnE\/s1600\/Peo+groc+50cm-W.jpg\"><img loading=\"lazy\" src=\"http:\/\/3.bp.blogspot.com\/-alOOMqz9Smw\/ULjxjkRSveI\/AAAAAAAACX4\/o1zGGGK4RnE\/s320\/Peo+groc+50cm-W.jpg\" alt=\"\" width=\"320\" height=\"240\" border=\"0\" \/><\/a><\/div>\n<div>Peo groc &#8211; Pe\u00f3n amarillo. 50 cm. di\u00e1metro.<\/div>\n<div>Acr\u00edlico sobre lienzo.<\/div>\n<div><\/div>\n<div><a href=\"http:\/\/4.bp.blogspot.com\/-TaNRp51zLAY\/ULjxH0DZJPI\/AAAAAAAACXw\/2-lXyHHQzP0\/s1600\/PeoBlau65x92-2000-W.jpg\"><img loading=\"lazy\" src=\"http:\/\/4.bp.blogspot.com\/-TaNRp51zLAY\/ULjxH0DZJPI\/AAAAAAAACXw\/2-lXyHHQzP0\/s320\/PeoBlau65x92-2000-W.jpg\" alt=\"\" width=\"218\" height=\"320\" border=\"0\" \/><\/a><\/div>\n<div>Pe\u00f3 blau &#8211; Pe\u00f3n azul. \u00a065&#215;92 cm.<\/div>\n<div>Acr\u00edlico sobre tabla.<\/div>\n<div><\/div>\n<div><a href=\"http:\/\/3.bp.blogspot.com\/-Sdh5_k8hxus\/ULjwgcXiqpI\/AAAAAAAACXo\/q4vhR3jKWXo\/s1600\/JaqueMate85x105-1999-W.jpg\"><img loading=\"lazy\" src=\"http:\/\/3.bp.blogspot.com\/-Sdh5_k8hxus\/ULjwgcXiqpI\/AAAAAAAACXo\/q4vhR3jKWXo\/s320\/JaqueMate85x105-1999-W.jpg\" alt=\"\" width=\"235\" height=\"320\" border=\"0\" \/><\/a><\/div>\n<div>Jaque mate 85&#215;105 cm.<\/div>\n<div>Acr\u00edlico sobre lienzo.<\/div>\n<div><\/div>\n<div><a href=\"http:\/\/2.bp.blogspot.com\/-InlnVm2u4Os\/ULjuYnnFkCI\/AAAAAAAACXg\/oRliFr8h-FU\/s1600\/Jaque+al+rey-W.jpg\"><img loading=\"lazy\" src=\"http:\/\/2.bp.blogspot.com\/-InlnVm2u4Os\/ULjuYnnFkCI\/AAAAAAAACXg\/oRliFr8h-FU\/s320\/Jaque+al+rey-W.jpg\" alt=\"\" width=\"320\" height=\"306\" border=\"0\" \/><\/a><\/div>\n<div>Jaque al Rey. 100&#215;100 cm.<\/div>\n<div>Acr\u00edlico sobre tabla.<\/div>\n<div><\/div>\n<div><\/div>\n<div>Pe\u00f3n muy enfadado con una torre. 100&#215;100 cm.<\/div>\n<div>Acr\u00edlico sobre tabla.<\/div>\n<div><\/div>\n<div><a href=\"http:\/\/lacreu.net\/blog\/wp-content\/uploads\/2013\/11\/Peon-confuso-47x47-w.jpg\"><img loading=\"lazy\" class=\"alignnone size-medium wp-image-935\" src=\"http:\/\/lacreu.net\/blog\/wp-content\/uploads\/2013\/11\/Peon-confuso-47x47-w-300x298.jpg\" alt=\"Peon confuso 47x47-w\" width=\"300\" height=\"298\" srcset=\"https:\/\/lacreu.net\/blog\/wp-content\/uploads\/2013\/11\/Peon-confuso-47x47-w-300x298.jpg 300w, https:\/\/lacreu.net\/blog\/wp-content\/uploads\/2013\/11\/Peon-confuso-47x47-w-150x150.jpg 150w, https:\/\/lacreu.net\/blog\/wp-content\/uploads\/2013\/11\/Peon-confuso-47x47-w-203x203.jpg 203w, https:\/\/lacreu.net\/blog\/wp-content\/uploads\/2013\/11\/Peon-confuso-47x47-w-60x60.jpg 60w, https:\/\/lacreu.net\/blog\/wp-content\/uploads\/2013\/11\/Peon-confuso-47x47-w-147x147.jpg 147w, https:\/\/lacreu.net\/blog\/wp-content\/uploads\/2013\/11\/Peon-confuso-47x47-w-184x184.jpg 184w, https:\/\/lacreu.net\/blog\/wp-content\/uploads\/2013\/11\/Peon-confuso-47x47-w.jpg 709w\" sizes=\"(max-width: 300px) 100vw, 300px\" \/><\/a><\/div>\n<div>\n<p>\u00abPe\u00f3 confus\u00a0\u00bb \u00abPe\u00f3n confuso\u00bb<\/p>\n<p><span class=\"Apple-style-span\">Acr\u00edlic sobre fusta \/ Acr\u00edlico sobre tabla \u00a0 \u00a0\u00a04<\/span><span class=\"Apple-style-span\">7 x 47 cm.<\/span><\/p>\n<\/div>\n<p>&nbsp;<\/p>\n","protected":false},"excerpt":{"rendered":"<p>Pe\u00f3n rojo &#8211; Pe\u00f3 roig. 156&#215;108 cm. Acr\u00edlico sobre tabla. Pe\u00f3 negre &#8211; Pe\u00f3n negro. 50 cm. di\u00e1metro. Acr\u00edlico sobre lienzo. Peo groc &#8211; Pe\u00f3n amarillo. 50 cm. di\u00e1metro. Acr\u00edlico <a class=\"more-link\" href=\"https:\/\/lacreu.net\/blog\/?page_id=235\">Continue Reading &rarr;<\/a><\/p>\n","protected":false},"author":1,"featured_media":0,"parent":0,"menu_order":0,"comment_status":"open","ping_status":"open","template":"","meta":[],"_links":{"self":[{"href":"https:\/\/lacreu.net\/blog\/index.php?rest_route=\/wp\/v2\/pages\/235"}],"collection":[{"href":"https:\/\/lacreu.net\/blog\/index.php?rest_route=\/wp\/v2\/pages"}],"about":[{"href":"https:\/\/lacreu.net\/blog\/index.php?rest_route=\/wp\/v2\/types\/page"}],"author":[{"embeddable":true,"href":"https:\/\/lacreu.net\/blog\/index.php?rest_route=\/wp\/v2\/users\/1"}],"replies":[{"embeddable":true,"href":"https:\/\/lacreu.net\/blog\/index.php?rest_route=%2Fwp%2Fv2%2Fcomments&post=235"}],"version-history":[{"count":4,"href":"https:\/\/lacreu.net\/blog\/index.php?rest_route=\/wp\/v2\/pages\/235\/revisions"}],"predecessor-version":[{"id":1331,"href":"https:\/\/lacreu.net\/blog\/index.php?rest_route=\/wp\/v2\/pages\/235\/revisions\/1331"}],"wp:attachment":[{"href":"https:\/\/lacreu.net\/blog\/index.php?rest_route=%2Fwp%2Fv2%2Fmedia&parent=235"}],"curies":[{"name":"wp","href":"https:\/\/api.w.org\/{rel}","templated":true}]}}