{"id":46,"date":"2013-11-12T11:57:54","date_gmt":"2013-11-12T11:57:54","guid":{"rendered":"http:\/\/lacreu.net\/blog\/?page_id=46"},"modified":"2024-01-03T18:42:01","modified_gmt":"2024-01-03T17:42:01","slug":"exposicions-exposiciones","status":"publish","type":"page","link":"https:\/\/lacreu.net\/blog\/?page_id=46","title":{"rendered":"Exposicions &#8211; Exposiciones"},"content":{"rendered":"<p>1980 &#8211; INDIVIDUAL &#8211; Sala d&#8217;Exposicions G.A.V. de Valencia.<br \/>\n1982 &#8211; INDIVIDUAL &#8211; Galer\u00eda Artis, Valencia.<br \/>\n1982 &#8211; COLECTIVA &#8211; Circulo de Bellas Artes, Valencia.<br \/>\n1983 &#8211; INDIVIDUAL &#8211; Museu Municipal de Vinaros, (Castell\u00f3).<br \/>\n1984 &#8211; COLECTIVA &#8211; Galeries 2000, Artistes valencians, Valencia.<br \/>\n1984 &#8211; COLECTIVA &#8211; Exposici\u00f3 Ajuntament Massanassa.<br \/>\n1985 &#8211; COLECTIVA &#8211; \u00abLo Rat Penat\u00bb Any Internacional Juventut, Valencia.<br \/>\n1986 &#8211; COLECTIVA &#8211; Sala Exposicions Ajuntament Massanassa.<br \/>\n1988 &#8211; INDIVIDUAL &#8211; Sala \u00abEl Pilo\u00bb, Burjassot.<br \/>\n1990 &#8211; COLECTIVA &#8211; \u00abColectiu D&#8217;Art\u00bb, Casa Cultura Burjassot.<br \/>\n1991 &#8211; COLECTIVA &#8211; Grup \u00abNovembre\u00bb Casa Cultura Port de Sagunt.<br \/>\n1992 &#8211; INDIVIDUAL &#8211; \u00abPropostes 92\u00bb Museu de la Ciutat. Valencia.<br \/>\n1993 &#8211; INDIVIDUAL &#8211; Palau de Vivanco, Ajuntament de Catarroja.<br \/>\n1993 &#8211; COLECTIVA &#8211; Artistes locals Massanassa.<br \/>\n1994 &#8211; COLECTIVA &#8211; \u00abTokio+Valencia\u00bb Museu de la Ciutat, Valencia.<br \/>\n1994 &#8211; COLECTIVA &#8211; \u00abValencia+Tokio\u00bb Sumida Riverside Hall. Toquio (Jap\u00f3n)<br \/>\n1994 &#8211; COLECTIVA &#8211; Uematsu Galery. Toquio (Jap\u00f3n)<br \/>\n1994 &#8211; COLECTIVA &#8211; Galery Key. Toquio (Jap\u00f3n)<br \/>\n1994 &#8211; COLECTIVA &#8211; \u00abNous fons municipals\u00bb. Reals Drassanes, Valencia.<br \/>\n1995 &#8211; INDIVIDUAL &#8211; Hanax. Fundaci\u00f3n Portal de la Moreria. Valencia.<br \/>\n1995 &#8211; INDIVIDUAL &#8211; \u00abQuinze anys d&#8217;aventura pl\u00e1stica\u00bb Ajuntament Montroy.<br \/>\n1996 &#8211; INDIVIDUAL &#8211; Ayuntamiento de Alpuente.<br \/>\n1996 &#8211; COLECTIVA &#8211; Artistes locals. Casa Cultura. Massanassa.<br \/>\n1997 &#8211; COLECTIVA &#8211; Casa Museu Benlliure. Valencia.<br \/>\n1997 &#8211; COLECTIVA &#8211; Grup \u00abEncontre\u201d. Palau de la M\u00fasica. Valencia.<br \/>\n1999 &#8211; COLECTIVA- Amaury Gallery, Castell\u00f3n.<br \/>\n1999 &#8211; COLECTIVA- Sala Gabriel Cuallad\u00f3. Massanassa.<br \/>\n2000 &#8211; COLECTIVA- Telemarat\u00f3n. A.F.E. Alzeimer. Teatro, Castell\u00f3n.<br \/>\n2000 &#8211; INDIVIDUAL- Disseny, Mural Esglesia S. Antoni, Massanassa.<br \/>\n2001 &#8211; INDIVIDUAL- Casa de cultura de Biar (Alacant)<br \/>\n2002 &#8211; COLECTIVA- 2+2 Andalucia-Comunitat Valenciana.<br \/>\n&#8211; Biblioteca de Pozoblanco (C\u00f3rdoba).<br \/>\n&#8211; Sala Gabriel Cuallad\u00f3. Massanassa (Valencia).<br \/>\n2004 &#8211; CONJUNTA- Casa de la Comunitat Valenciana &#8211; Zaragoza.<br \/>\n2005 &#8211; COLECTIVA- Grup \u201cEncontre\u201d. Centro C\u00edvico Sur, Ayto Valladolid.<br \/>\n2006 &#8211; INDIVIDUAL- Sala de Exposiciones Ayuntamiento de Benaguasil.<br \/>\n2006 &#8211; CONJUNTA- Biblioteca de la Rioja. Ateneo Riojano &#8211; Gobierno de la Rioja<br \/>\n2006 &#8211; COLECTIVA- Grup \u201cEncontre\u201d. Sala Museo S. Juan de Dios, Orihuela.<br \/>\n2007 &#8211; CONJUNTA- Fundaci\u00f3n C. Valenciana-Regi\u00f3n Europea. Bruselas. B\u00e9lgica.<br \/>\n2007 &#8211; COLECTIVA- Galerie Rubens de Maria Manfredonia. Bruselas. B\u00e9lgica.<br \/>\n2007 &#8211; COLECTIVA- Grup \u201cEncontre\u201d.Sala Municipal Exposiciones de Barakaldo (Vizcaya)<br \/>\n2008 &#8211; CONJUNTA &#8211; \u201c\u00c0 la Carte\u201d (Restaurant Comision Europea) Bruselas. B\u00e9lgica.<br \/>\n2008 &#8211; COLECTIVA- Grup \u201cEncontre\u201d. Sala Exposiciones Escuela M\u00fasica .Sestao (Vizcaya)<br \/>\n2009 &#8211; COLECTIVA &#8211; Galeria 4. Valencia<br \/>\n2009 &#8211; COLECTIVA- Grup \u201cEncontre\u201d. Casa del Reloj. Madrid<br \/>\n2009 &#8211; INDIVIDUAL- Sala de Exposiciones del Ateneo Mercantil de Valencia.<br \/>\n2010 &#8211; INDIVIDUAL- Centro Cultural de la Ciudad de Lorca. (Murcia)<br \/>\n2011 &#8211; INDIVIDUAL- Sala dels Vilaragut del Castell d&#8217;Alaquas. (Valencia)<br \/>\n2012 &#8211; INDIVIDUAL- Sala Exposiciones del Molino de la Villa. Ademuz (Valencia)<br \/>\n2013 &#8211; INDIVIDUAL &#8211; LaSalita espacio creativo. Valencia.<br \/>\n2013 &#8211; COLECTIVA &#8211;\u00a0Complejo La Petxina. Ganadores concurso pintura \u00abValencia Cuna\u00bb.<br \/>\n2014 &#8211; COLECTIVA &#8211; Galer\u00eda \u00abArte en tu cara\u00bb Valencia.<br \/>\n2015 &#8211; CONJUNTA &#8211; \u201cEspais personals\u201d\u00a0Wayco. Valencia.<br \/>\n2015 &#8211; INDIVIDUAL &#8211; \u00abBlaus\u00bb C.C.Drassanes.\u00a0Barcelona.<br \/>\n2018 &#8211; INDIVIDUAL &#8211; \u00abCatorce mil dies i pico de dibuixos i pintures\u00bb<br \/>\n                     Sala Gabriel Cuallado Massanassa.<br \/>\n2018 &#8211; CONJUNTA &#8211;\u00a0 \u00abJard\u00edn Urbano\u00bb <a href=\"http:\/\/www.russafart.com\/\" target=\"_blank\" rel=\"noopener noreferrer\">RUSSAFART<\/a>. Valencia.<br \/>\n2019 &#8211;\u00a0 INDIVIDUAL &#8211; Pinturas &#8211; Feria Manzana Esperiega. Ademuz. (Valencia)<br \/>\n2020 &#8211; INDIVIDUAL &#8211; Dise\u00f1o pintura mural SEQUER-2020. <a href=\"https:\/\/www.youtube.com\/watch?v=SJi-SLNZZ7A\">Ver V\u00eddeo.<\/a><br \/>\n2021 &#8211; INDIVIDUAL &#8211; Instalaci\u00f3n en Ademuz \u00abMira Bohilgues\u00bb <a href=\"https:\/\/www.youtube.com\/watch?v=BHkYn4UtJLs\">Ver V\u00eddeo<\/a><br \/>\n2022 &#8211; INDIVIDUAL &#8211; \u00abPintures y alguna cosa m\u00e9s\u00bb Casa de l&#8217;ensenyan\u00e7a Cullera (Valencia)<br \/>\n2022 &#8211; INDIVIDUAL &#8211; \u00abMes de la lavanda\u00bb.\u00a0 Ademuz (Valencia)<br \/>\n2023 &#8211; INDIVIDUAL &#8211; \u00abOBRES DE JOVENTUT 1979-1989\u00bb Sala G. Cuallado Massanassa.<\/p>\n","protected":false},"excerpt":{"rendered":"<p>1980 &#8211; INDIVIDUAL &#8211; Sala d&#8217;Exposicions G.A.V. de Valencia. 1982 &#8211; INDIVIDUAL &#8211; Galer\u00eda Artis, Valencia. 1982 &#8211; COLECTIVA &#8211; Circulo de Bellas Artes, Valencia. 1983 &#8211; INDIVIDUAL &#8211; Museu <a class=\"more-link\" href=\"https:\/\/lacreu.net\/blog\/?page_id=46\">Continue Reading &rarr;<\/a><\/p>\n","protected":false},"author":1,"featured_media":0,"parent":479,"menu_order":2,"comment_status":"closed","ping_status":"closed","template":"","meta":[],"_links":{"self":[{"href":"https:\/\/lacreu.net\/blog\/index.php?rest_route=\/wp\/v2\/pages\/46"}],"collection":[{"href":"https:\/\/lacreu.net\/blog\/index.php?rest_route=\/wp\/v2\/pages"}],"about":[{"href":"https:\/\/lacreu.net\/blog\/index.php?rest_route=\/wp\/v2\/types\/page"}],"author":[{"embeddable":true,"href":"https:\/\/lacreu.net\/blog\/index.php?rest_route=\/wp\/v2\/users\/1"}],"replies":[{"embeddable":true,"href":"https:\/\/lacreu.net\/blog\/index.php?rest_route=%2Fwp%2Fv2%2Fcomments&post=46"}],"version-history":[{"count":39,"href":"https:\/\/lacreu.net\/blog\/index.php?rest_route=\/wp\/v2\/pages\/46\/revisions"}],"predecessor-version":[{"id":2264,"href":"https:\/\/lacreu.net\/blog\/index.php?rest_route=\/wp\/v2\/pages\/46\/revisions\/2264"}],"up":[{"embeddable":true,"href":"https:\/\/lacreu.net\/blog\/index.php?rest_route=\/wp\/v2\/pages\/479"}],"wp:attachment":[{"href":"https:\/\/lacreu.net\/blog\/index.php?rest_route=%2Fwp%2Fv2%2Fmedia&parent=46"}],"curies":[{"name":"wp","href":"https:\/\/api.w.org\/{rel}","templated":true}]}}