{"id":709,"date":"2015-02-02T17:08:04","date_gmt":"2015-02-02T16:08:04","guid":{"rendered":"http:\/\/lacreu.net\/blog\/?page_id=709"},"modified":"2020-03-13T17:23:40","modified_gmt":"2020-03-13T16:23:40","slug":"figura","status":"publish","type":"page","link":"https:\/\/lacreu.net\/blog\/?page_id=709","title":{"rendered":"Figura"},"content":{"rendered":"<p>[vc_row][vc_column width=\u00bb1\/2&#8243;][vc_single_image image=\u00bb1970&#8243; img_size=\u00bbmedium\u00bb][vc_column_text]\u201cD\u00f2na despistada\u201d \u201cMujer despistada\u201d Acr\u00edlic sobre fusta Acr\u00edlico sobre tabla. 100 x 100 cm.[\/vc_column_text][vc_single_image image=\u00bb1973&#8243; img_size=\u00bbmedium\u00bb][vc_column_text]\u201cDama de roig\u201d \u201cDama de rojo\u201d Acr\u00edlic sobre llen\u00e7 Acr\u00edlico sobre lienzo 77 x 72 cm.[\/vc_column_text][vc_single_image image=\u00bb1975&#8243; img_size=\u00bblarge\u00bb][vc_column_text]\u201cSomnis femenins\u201d \u201cSue\u00f1os femeninos\u201d Acr\u00edlic sobre fusta Acr\u00edlico sobre tabla 125 x 90 cm.[\/vc_column_text][\/vc_column][vc_column width=\u00bb1\/2&#8243;][vc_single_image image=\u00bb1971&#8243; img_size=\u00bbmedium\u00bb][vc_column_text]\u201cDona sentint un perfum\u201d \u201cMujer sintiendo un perfume\u201d Acr\u00edlic sobre llen\u00e7 Acr\u00edlico sobre lienzo. 77 x 77cm.[\/vc_column_text][vc_single_image image=\u00bb1974&#8243; img_size=\u00bbmedium\u00bb][vc_column_text]\u201cContorsi\u00f3\u201d \u201cContorsi\u00f3n\u201d Acr\u00edlic sobre llen\u00e7\u00a0 Acr\u00edlico sobre lienzo. 91 x 63 cm.[\/vc_column_text][vc_single_image image=\u00bb1976&#8243; img_size=\u00bbfull\u00bb][vc_column_text]\u201cDona ensenyant\u00a0 l\u2019esquena i el cul\u201d-\u201cMujer ense\u00f1ando la espalda y el culo\u201d\u00a0 Acr\u00edlic sobre fusta.\u00a0 Acr\u00edlico sobre tabla.\u00a0 61 x 74 cm.[\/vc_column_text][\/vc_column][\/vc_row]<\/p>\n","protected":false},"excerpt":{"rendered":"<p>[vc_row][vc_column width=\u00bb1\/2&#8243;][vc_single_image image=\u00bb1970&#8243; img_size=\u00bbmedium\u00bb][vc_column_text]\u201cD\u00f2na despistada\u201d \u201cMujer despistada\u201d Acr\u00edlic sobre fusta Acr\u00edlico sobre tabla. 100 x 100 cm.[\/vc_column_text][vc_single_image image=\u00bb1973&#8243; img_size=\u00bbmedium\u00bb][vc_column_text]\u201cDama de roig\u201d \u201cDama de rojo\u201d Acr\u00edlic sobre llen\u00e7 Acr\u00edlico sobre lienzo <a class=\"more-link\" href=\"https:\/\/lacreu.net\/blog\/?page_id=709\">Continue Reading &rarr;<\/a><\/p>\n","protected":false},"author":1,"featured_media":0,"parent":0,"menu_order":0,"comment_status":"closed","ping_status":"closed","template":"","meta":[],"_links":{"self":[{"href":"https:\/\/lacreu.net\/blog\/index.php?rest_route=\/wp\/v2\/pages\/709"}],"collection":[{"href":"https:\/\/lacreu.net\/blog\/index.php?rest_route=\/wp\/v2\/pages"}],"about":[{"href":"https:\/\/lacreu.net\/blog\/index.php?rest_route=\/wp\/v2\/types\/page"}],"author":[{"embeddable":true,"href":"https:\/\/lacreu.net\/blog\/index.php?rest_route=\/wp\/v2\/users\/1"}],"replies":[{"embeddable":true,"href":"https:\/\/lacreu.net\/blog\/index.php?rest_route=%2Fwp%2Fv2%2Fcomments&post=709"}],"version-history":[{"count":23,"href":"https:\/\/lacreu.net\/blog\/index.php?rest_route=\/wp\/v2\/pages\/709\/revisions"}],"predecessor-version":[{"id":1977,"href":"https:\/\/lacreu.net\/blog\/index.php?rest_route=\/wp\/v2\/pages\/709\/revisions\/1977"}],"wp:attachment":[{"href":"https:\/\/lacreu.net\/blog\/index.php?rest_route=%2Fwp%2Fv2%2Fmedia&parent=709"}],"curies":[{"name":"wp","href":"https:\/\/api.w.org\/{rel}","templated":true}]}}